{"id":13,"date":"2020-09-28T15:53:22","date_gmt":"2020-09-28T15:53:22","guid":{"rendered":"http:\/\/properstay.pl\/?page_id=13"},"modified":"2020-11-06T20:37:50","modified_gmt":"2020-11-06T20:37:50","slug":"pracodawcy","status":"publish","type":"page","link":"https:\/\/properstay.pl\/uk\/pracodawcy\/","title":{"rendered":"Pracodawcy"},"content":{"rendered":"<div class=\"brz-root__container brz-reset-all\">\n<section id=\"iesuuxdpfrzmvugunhljkkspvqsabqihksea\" class=\"brz-section brz-section__header brz-css-bwrhx\" data-uid=\"iesuuxdpfrzmvugunhljkkspvqsabqihksea\">\n<div class=\"brz-section__header--fixed\">\n<div class=\"brz-section__menu-item\" data-custom-id=\"chbueazbofihwvaryxoffprelrthfaalmnxl\">\n<div class=\"brz-bg brz-css-lopvf brz-css-pvtxr\">\n<div class=\"brz-bg-media\">\n<div class=\"brz-bg-color\"><\/div>\n<\/div>\n<div class=\"brz-bg-content\">\n<div class=\"brz-container__wrap brz-css-lgcwh\">\n<div class=\"brz-container brz-css-htwqi\">\n<div class=\"brz-row__container brz-css-aedio\" data-custom-id=\"nogljdarxetjpegwtziyhjejqbryhoxenapa\">\n<div class=\"brz-bg brz-flex-xs-wrap brz-row__bg brz-css-yuuph\">\n<div class=\"brz-bg-content\">\n<div class=\"brz-row brz-css-plxlc brz-css-ffzlu\">\n<div class=\"brz-columns brz-css-ihufx brz-css-wwgbw\" data-custom-id=\"qhhpkfokbhyrhhykeenhmyocpyvpegtwsxzh\">\n<div class=\"brz-bg brz-css-osyfx brz-css-ypdaj\">\n<div class=\"brz-bg-content\">\n<div class=\"brz-css-tjhpc brz-wrapper\">\n<div class=\"brz-d-xs-flex brz-css-mvgnn brz-css-snvna\">\n<div class=\"brz-image brz-css-gqecl brz-css-jhkqn\"><a class=\"brz-a\" href=\"https:\/\/properstay.pl\/uk\/homepage\/\" data-brz-link-type=\"external\" data-custom-id=\"tbshvzydfnekbtuvqmzvfdzvgtsignqvsrin\"><img class=\"brz-img brz-p-absolute\" src=\"{@brizy_SITE_URL_PLACEHOLDER@}\/?brizy_media=wp-a3fb22e0ce34f11461a00eb0478d47d7.png&amp;brizy_crop=iW%3D242%26iH%3D62%26oX%3D0%26oY%3D4%26cW%3D242%26cH%3D53&amp;brizy_post=13\" alt=\"{{ brizy_dc_image_alt uid='wp-a3fb22e0ce34f11461a00eb0478d47d7.png' }}\" loading=\"lazy\"><\/a><\/div>\n<\/div>\n<\/div>\n<\/div>\n<\/div>\n<\/div>\n<div class=\"brz-columns brz-css-ihufx brz-css-rkmlk\" data-custom-id=\"snlwnmugqunkottxgwghohzmdleuhbrfioeo\">\n<div class=\"brz-bg brz-css-osyfx brz-css-vdnhe\">\n<div class=\"brz-bg-content\">\n<div class=\"brz-css-tjhpc brz-wrapper\">\n<div class=\"brz-d-xs-flex brz-css-mvgnn\">\n<div class=\"brz-menu__container brz-css-eatqz brz-css-xaysr\" data-mmenu-id=\"#etohukjjvgonrplnbuqqtdwapcwnkiaeoxgr\" data-mmenu-position=\"position-left\" data-mmenu-title=\"Main Menu\" data-custom-id=\"etohukjjvgonrplnbuqqtdwapcwnkiaeoxgr\">\n<nav class=\"brz-menu brz-menu__preview brz-css-wlotz brz-css-udxjc\">\n<ul class=\"brz-menu__ul\">\n<li class=\"brz-menu__item\"><a class=\"brz-a menu-item menu-item-type-post_type menu-item-object-page menu-item-home\" href=\"\/uk\/{@brizy_SITE_URL_PLACEHOLDER@}\/\" data-brz-link-type=\"external\"><span class=\"brz-span\">Home<\/span><\/a><\/li>\n<li class=\"brz-menu__item\"><a class=\"brz-a menu-item menu-item-type-post_type menu-item-object-page\" href=\"\/uk\/{@brizy_SITE_URL_PLACEHOLDER@}\/cudzoziemcy\/\" data-brz-link-type=\"external\"><span class=\"brz-span\">Cudzoziemcy<\/span><\/a><\/li>\n<li class=\"brz-menu__item brz-menu__item--current\"><a class=\"brz-a menu-item menu-item-type-post_type menu-item-object-page current-menu-item page_item page-item-13 current_page_item\" href=\"\/uk\/{@brizy_SITE_URL_PLACEHOLDER@}\/pracodawcy\/\" data-brz-link-type=\"external\"><span class=\"brz-span\">Pracodawcy<\/span><\/a><\/li>\n<li class=\"brz-menu__item\"><a class=\"brz-a menu-item menu-item-type-post_type menu-item-object-page\" href=\"\/uk\/{@brizy_SITE_URL_PLACEHOLDER@}\/o-nas\/\" data-brz-link-type=\"external\"><span class=\"brz-span\">O nas<\/span><\/a><\/li>\n<li class=\"brz-menu__item\"><a class=\"brz-a menu-item menu-item-type-post_type menu-item-object-page\" href=\"\/uk\/{@brizy_SITE_URL_PLACEHOLDER@}\/kontakt\/\" data-brz-link-type=\"external\"><span class=\"brz-span\">Kontakt<\/span><\/a><\/li>\n<\/ul>\n<\/nav>\n<div class=\"brz-mm-menu__icon\">\n<\/div>\n<nav id=\"etohukjjvgonrplnbuqqtdwapcwnkiaeoxgr\" class=\"brz-menu brz-menu__mmenu brz-menu__preview brz-css-wlotz brz-css-udxjc\">\n<ul class=\"brz-menu__ul\">\n<li class=\"brz-mm-menu__item brz-mm-menu__item-empty\"><a class=\"brz-a menu-item menu-item-type-post_type menu-item-object-page menu-item-home\" href=\"\/uk\/{@brizy_SITE_URL_PLACEHOLDER@}\/\" data-brz-link-type=\"external\"><span class=\"brz-span\">Home<\/span><\/a><\/li>\n<li class=\"brz-mm-menu__item brz-mm-menu__item-empty\"><a class=\"brz-a menu-item menu-item-type-post_type menu-item-object-page\" href=\"\/uk\/{@brizy_SITE_URL_PLACEHOLDER@}\/cudzoziemcy\/\" data-brz-link-type=\"external\"><span class=\"brz-span\">Cudzoziemcy<\/span><\/a><\/li>\n<li class=\"brz-mm-menu__item brz-mm-menu__item-empty brz-mm-menu__item--current\"><a class=\"brz-a menu-item menu-item-type-post_type menu-item-object-page current-menu-item page_item page-item-13 current_page_item\" href=\"\/uk\/{@brizy_SITE_URL_PLACEHOLDER@}\/pracodawcy\/\" data-brz-link-type=\"external\"><span class=\"brz-span\">Pracodawcy<\/span><\/a><\/li>\n<li class=\"brz-mm-menu__item brz-mm-menu__item-empty\"><a class=\"brz-a menu-item menu-item-type-post_type menu-item-object-page\" href=\"\/uk\/{@brizy_SITE_URL_PLACEHOLDER@}\/o-nas\/\" data-brz-link-type=\"external\"><span class=\"brz-span\">O nas<\/span><\/a><\/li>\n<li class=\"brz-mm-menu__item brz-mm-menu__item-empty\"><a class=\"brz-a menu-item menu-item-type-post_type menu-item-object-page\" href=\"\/uk\/{@brizy_SITE_URL_PLACEHOLDER@}\/kontakt\/\" data-brz-link-type=\"external\"><span class=\"brz-span\">Kontakt<\/span><\/a><\/li>\n<\/ul>\n<\/nav>\n<\/div>\n<\/div>\n<\/div>\n<\/div>\n<\/div>\n<\/div>\n<\/div>\n<\/div>\n<\/div>\n<\/div>\n<\/div>\n<\/div>\n<\/div>\n<\/div>\n<\/div>\n<div><\/div>\n<\/div>\n<\/section>\n<section data-uid=\"hwgnftncoqkxmogxrpvmrqklxhvskqaujpii\" id=\"hwgnftncoqkxmogxrpvmrqklxhvskqaujpii\" data-iteration-count=\"1\" class=\"brz-section brz-css-nrcav brz-animated brz-css-uizyv brz-css-kpjkb\">\n<div class=\"brz-section__items\">\n<div class=\"brz-section__content brz-section--boxed\" data-custom-id=\"dqqzzrqpryzkilmpkoajvkkbhecuewuwcupr\">\n<div class=\"brz-bg brz-css-xtfij brz-css-btker\">\n<div class=\"brz-bg-content\">\n<div class=\"brz-container__wrap brz-css-qcqmq\">\n<div class=\"brz-container brz-css-nngzo brz-css-skpmg\">\n<div class=\"brz-row__container brz-css-aedio\" data-custom-id=\"zbxrlaizrgvbkawjwesotlxrxmrhcnjlbyfo\">\n<div class=\"brz-bg brz-flex-xs-wrap brz-row__bg brz-css-yuuph\">\n<div class=\"brz-bg-content\">\n<div class=\"brz-row brz-css-plxlc brz-css-vhizx\">\n<div class=\"brz-columns brz-css-ihufx brz-css-bcmqa\" data-custom-id=\"tsgoslkxwkgvquqdntmnjaukcbjbnputprqf\">\n<div class=\"brz-bg brz-css-osyfx brz-css-rwfyw\">\n<div class=\"brz-bg-content\">\n<div class=\"brz-css-tjhpc brz-wrapper\">\n<div class=\"brz-d-xs-flex brz-css-mvgnn\">\n<div class=\"brz-rich-text brz-css-lsehj\" data-custom-id=\"vrmodsvzwbhmipazpfrluemzipqtvmbcywvt\">\n<h2 class=\"brz-tp-heading2\">Zatrudnianie obcokrajowc\u00f3w?<\/h2>\n<h2 class=\"brz-tp-heading2\"><\/h2>\n<h2 class=\"brz-tp-heading2\"><span class=\"brz-cp-color1\">Z nami to bardzo proste!<\/span><\/h2>\n<\/div>\n<\/div>\n<\/div>\n<div class=\"brz-css-tjhpc brz-css-qious brz-wrapper\">\n<div class=\"brz-d-xs-flex brz-css-mvgnn brz-css-bgodh\">\n<div class=\"brz-spacer brz-css-yinvj brz-css-pmcqu\"><\/div>\n<\/div>\n<\/div>\n<div class=\"brz-css-tjhpc brz-wrapper\">\n<div class=\"brz-d-xs-flex brz-css-mvgnn\">\n<div class=\"brz-rich-text brz-css-lsehj\" data-custom-id=\"uiyfbmjfxlmyqqgxcbgyjuvhryxbrghrgoqi\">\n<p class=\"brz-tp-paragraph\">Wsparcie zatrudnienia, rekrutacja oraz obs\u0142uga zezwole\u0144.<\/p>\n<\/div>\n<\/div>\n<\/div>\n<\/div>\n<\/div>\n<\/div>\n<div class=\"brz-columns brz-css-ihufx brz-css-vwjho\" data-custom-id=\"pxmoibhyjlvydgkhjmdcemftokydcfehtuxh\">\n<div class=\"brz-bg brz-css-osyfx brz-css-loqtz\">\n<div class=\"brz-bg-content\">\n<div class=\"brz-css-tjhpc brz-wrapper\">\n<div class=\"brz-d-xs-flex brz-css-mvgnn\">\n<div class=\"brz-rich-text brz-css-lsehj\" data-custom-id=\"ukjsucvemeglknzbehmigarqbfrxzleyfkvm\">\n<p class=\"brz-fs-lg-22 brz-fs-sm-im-28 brz-fs-xs-20\">Je\u017celi jeste\u015b przedsi\u0119biorc\u0105, to powiniene\u015b wiedzie\u0107, i\u017c\u00a0zatrudnianie cudzoziemc\u00f3w w Polsce cz\u0119sto <strong>wymaga uzyskania stosownego pozwolenia<\/strong>, co zwi\u0105zane jest z konieczno\u015bci\u0105 poznania <strong>zawi\u0142ych procedur administracyjnych<\/strong> i obowi\u0105zuj\u0105cych przepis\u00f3w prawa dotycz\u0105cych zatrudniania cudzoziemc\u00f3w.<\/p>\n<p class=\"brz-fs-lg-22 brz-fs-sm-im-28 brz-fs-xs-im-28\"><\/p>\n<p class=\"brz-fs-lg-22 brz-fs-sm-im-28 brz-fs-xs-20\">Nasz zesp\u00f3\u0142 pozwoli Ci zaoszcz\u0119dzi\u0107 Tw\u00f3j czas i pieni\u0105dze, <strong>wyr\u0119czaj\u0105c Ci\u0119\u00a0we wszystkich aspektach zwi\u0105zanych z uzyskaniem niezb\u0119dnych zg\u00f3d i zezwole\u0144.<\/strong><\/p>\n<p class=\"brz-fs-lg-22 brz-fs-sm-im-23 brz-fs-xs-im-23\"><\/p>\n<p class=\"brz-fs-lg-22 brz-fs-sm-im-28 brz-fs-xs-im-28\"><span class=\"brz-cp-color7\"> <\/span><\/p>\n<h4 class=\"brz-tp-heading4\"><\/h4>\n<\/div>\n<\/div>\n<\/div>\n<\/div>\n<\/div>\n<\/div>\n<\/div>\n<\/div>\n<\/div>\n<\/div>\n<\/div>\n<\/div>\n<\/div>\n<\/div>\n<\/div>\n<\/div>\n<\/section>\n<section data-uid=\"hvthcmluiduqbgelmqoyuxwhsqgghnznrhpp\" id=\"hvthcmluiduqbgelmqoyuxwhsqgghnznrhpp\" class=\"brz-section brz-css-nrcav\">\n<div class=\"brz-section__items\">\n<div class=\"brz-section__content brz-section--boxed\" data-custom-id=\"wrhuxfahuuxlsgvleazpuzmsztduaqmggrwz\">\n<div class=\"brz-bg brz-css-xtfij brz-css-mjvys\">\n<div class=\"brz-bg-media\">\n<div class=\"brz-bg-color\"><\/div>\n<\/div>\n<div class=\"brz-bg-content\">\n<div class=\"brz-container__wrap brz-css-qcqmq\">\n<div class=\"brz-container brz-css-nngzo\">\n<div class=\"brz-row__container brz-css-aedio\" data-custom-id=\"ejsaxfclpfoppvffhcrwiqtusgykbenijynk\">\n<div class=\"brz-bg brz-flex-xs-wrap brz-row__bg brz-css-yuuph\">\n<div class=\"brz-bg-content\">\n<div class=\"brz-row brz-css-plxlc brz-css-vhizx\">\n<div class=\"brz-columns brz-css-ihufx brz-css-rsbts\" data-custom-id=\"zwreoqcapmibskbqcgjghdrfapjajwgsenbf\">\n<div class=\"brz-bg brz-css-osyfx brz-css-xydml\">\n<div class=\"brz-bg-content\">\n<div class=\"brz-css-tjhpc brz-wrapper\">\n<div class=\"brz-d-xs-flex brz-css-mvgnn brz-css-fbnny\">\n<div class=\"brz-rich-text brz-css-lsehj\" data-custom-id=\"hshvlskhyqgcamtizahwaqljgjdvlefrvrkj\">\n<h2 class=\"brz-tp-heading2\">Czekamy na wiadomo\u015b\u0107 od Ciebie. <span class=\"brz-cp-color1\">Odpowiadamy w ci\u0105gu jednego dnia.<\/span><\/h2>\n<\/div>\n<\/div>\n<\/div>\n<div class=\"brz-css-tjhpc brz-wrapper\">\n<div class=\"brz-d-xs-flex brz-css-mvgnn brz-css-bgodh\">\n<div class=\"brz-spacer brz-css-yinvj brz-css-amijn\"><\/div>\n<\/div>\n<\/div>\n<div class=\"brz-css-tjhpc brz-wrapper\">\n<div class=\"brz-d-xs-flex brz-css-mvgnn brz-css-onuiq\">\n<div class=\"brz-rich-text brz-css-lsehj\" data-custom-id=\"llvqigfnpthyswinxszqfjoinfbhrtndindu\">\n<h4 class=\"brz-tp-heading4\"><span class=\"brz-cp-color2\">Telefon<\/span><\/h4>\n<\/div>\n<\/div>\n<\/div>\n<div class=\"brz-css-tjhpc brz-wrapper\">\n<div class=\"brz-d-xs-flex brz-css-mvgnn brz-css-vhjoa\">\n<div class=\"brz-rich-text brz-css-lsehj\" data-custom-id=\"drcivtpfwkvvdudcphukctatfhrzwdmqvrnx\">\n<h5 class=\"brz-tp-heading5\"><span class=\"brz-cp-color7\">+48 501 55 35 79<\/span><\/h5>\n<\/div>\n<\/div>\n<\/div>\n<div class=\"brz-css-tjhpc brz-wrapper\">\n<div class=\"brz-d-xs-flex brz-css-mvgnn brz-css-bgodh\">\n<div class=\"brz-spacer brz-css-yinvj brz-css-kxyqm\"><\/div>\n<\/div>\n<\/div>\n<div class=\"brz-css-tjhpc brz-wrapper\">\n<div class=\"brz-d-xs-flex brz-css-mvgnn brz-css-vkkgn\">\n<div class=\"brz-rich-text brz-css-lsehj\" data-custom-id=\"eaegvjhaiktbivkysrxoxkxwbztqadlwvvxr\">\n<h4 class=\"brz-tp-heading4\"><span class=\"brz-cp-color2\">Adres kontaktowy<\/span><\/h4>\n<\/div>\n<\/div>\n<\/div>\n<div class=\"brz-css-tjhpc brz-wrapper\">\n<div class=\"brz-d-xs-flex brz-css-mvgnn brz-css-qzfpc\">\n<div class=\"brz-rich-text brz-css-lsehj\" data-custom-id=\"vunufhydjvnwzvvmbnnihnnnemaikirqvhzw\">\n<p class=\"brz-tp-heading5\"><span class=\"brz-cp-color7\">ul. Marsza\u0142kowska 115\u00a0pok\u00f3j 261 (II pi\u0119tro)<\/span><\/p>\n<h5 class=\"brz-tp-heading5\"><span class=\"brz-cp-color7\">00-102 Warszawa<\/span><\/h5>\n<\/div>\n<\/div>\n<\/div>\n<\/div>\n<\/div>\n<\/div>\n<div class=\"brz-columns brz-css-ihufx brz-css-azbdf\" data-custom-id=\"jkreokbzjstpvtjxvazxjdiyvfntujlmixdd\">\n<div class=\"brz-bg brz-css-osyfx brz-css-ayshz\">\n<div class=\"brz-bg-content\">\n<div class=\"brz-css-tjhpc brz-wrapper\">\n<div class=\"brz-d-xs-flex brz-css-mvgnn\">\n<div class=\"brz-forms2 brz-css-sqxsu brz-css-bplxn\" data-form-version=\"2\" data-custom-id=\"jhwyvhxxroneciyqvrgcicypjdhvtqhrmkpg\">\n<div class=\"brz-forms2__item brz-css-wwpkb brz-css-jocgy brz-css-fidyv\"><\/div>\n<div class=\"brz-forms2__item brz-css-wwpkb brz-css-jocgy brz-css-fidyv\"><\/div>\n<div class=\"brz-forms2__item brz-css-wwpkb brz-css-jocgy brz-css-fidyv brz-css-jxbmr\"><textarea id=\"rafotwxnnasldnzemgpfhuozpqttmltaywce\" name=\"sgyqkpsvvjurenodfwozhyhpjtnhocoauyhd\" data-type=\"Paragraph\" data-label=\"Tre\u015b\u0107 wiadomo\u015bci\" data-placeholder=\"Tre\u015b\u0107 wiadomo\u015bci\" class=\"brz-textarea brz-forms2__field brz-forms2__field-paragraph\"><\/textarea><\/div>\n<div class=\"brz-forms2__item brz-align-self-xs-end brz-forms2__item-button\"><button class=\"brz-btn brz-css-mxvpl brz-css-ginhb\" data-custom-id=\"ulaymrhwrwpqgsybjrhdmftxmvxaahimtyje\"> <span class=\"brz-span brz-text__editor\">Wy\u015blij pytanie<\/span><\/button><\/div>\n<\/div>\n<\/div>\n<\/div>\n<div class=\"brz-css-tjhpc brz-wrapper\">\n<div class=\"brz-d-xs-flex brz-css-mvgnn\">\n<div class=\"brz-rich-text brz-css-lsehj\" data-custom-id=\"ombhdpuedncswtdphaumrmrxbcrsjvtkwgio\">\n<p class=\"brz-tp-paragraph\">Wysy\u0142aj\u0105c wiadomo\u015b\u0107 akceptujesz postanowienia <a href=\"https:\/\/properstay.pl\/uk\/privacy-policy\/\" target=\"_blank\" class=\"link--external\" data-brz-link-type=\"external\" rel=\"noopener noreferrer\">polityki prywatno\u015bci.<\/a><\/p>\n<\/div>\n<\/div>\n<\/div>\n<\/div>\n<\/div>\n<\/div>\n<\/div>\n<\/div>\n<\/div>\n<\/div>\n<\/div>\n<\/div>\n<\/div>\n<\/div>\n<\/div>\n<\/div>\n<\/section>\n<footer data-uid=\"tmgpcyhwwijbqvpuzczypewnmodqnrhcfmct\" id=\"tmgpcyhwwijbqvpuzczypewnmodqnrhcfmct\" class=\"brz-footer brz-css-lqblz\" data-custom-id=\"tmgpcyhwwijbqvpuzczypewnmodqnrhcfmct\">\n<div class=\"brz-bg brz-footer__bg brz-css-eojqy brz-css-itfvz\">\n<div class=\"brz-bg-content\">\n<div class=\"brz-container__wrap brz-css-pcijd\">\n<div class=\"brz-container brz-css-brdgj\">\n<div class=\"brz-row__container brz-css-aedio\" data-custom-id=\"gmdrjbnsrukmdbzaetdylhodajeaqjmlttcj\">\n<div class=\"brz-bg brz-flex-xs-wrap brz-row__bg brz-css-yuuph\">\n<div class=\"brz-bg-content\">\n<div class=\"brz-row brz-css-plxlc brz-css-uzfka\">\n<div class=\"brz-columns brz-css-ihufx brz-css-rsmyy\" data-custom-id=\"xmvahhkwzuwdrmraijjbjvjqpqdnvupozhem\">\n<div class=\"brz-bg brz-css-osyfx brz-css-rzjmj\">\n<div class=\"brz-bg-content\">\n<div class=\"brz-css-tjhpc brz-wrapper\">\n<div class=\"brz-d-xs-flex brz-css-mvgnn\">\n<div class=\"brz-menu__container brz-css-eatqz brz-css-pzuux\" data-mmenu-id=\"#gkhkyclpqedpikboabijyzwuhdxmqqzpybzl\" data-mmenu-position=\"position-left\" data-mmenu-title=\"Main Menu\" data-custom-id=\"gkhkyclpqedpikboabijyzwuhdxmqqzpybzl\">\n<nav class=\"brz-menu brz-menu__preview brz-css-wlotz brz-css-havkd\">\n<ul class=\"brz-menu__ul\">\n<li class=\"brz-menu__item\"><a class=\"brz-a menu-item menu-item-type-post_type menu-item-object-page menu-item-home\" href=\"\/uk\/{@brizy_SITE_URL_PLACEHOLDER@}\/\" data-brz-link-type=\"external\"><span class=\"brz-span\">Home<\/span><\/a><\/li>\n<li class=\"brz-menu__item\"><a class=\"brz-a menu-item menu-item-type-post_type menu-item-object-page\" href=\"\/uk\/{@brizy_SITE_URL_PLACEHOLDER@}\/cudzoziemcy\/\" data-brz-link-type=\"external\"><span class=\"brz-span\">Cudzoziemcy<\/span><\/a><\/li>\n<li class=\"brz-menu__item brz-menu__item--current\"><a class=\"brz-a menu-item menu-item-type-post_type menu-item-object-page current-menu-item page_item page-item-13 current_page_item\" href=\"\/uk\/{@brizy_SITE_URL_PLACEHOLDER@}\/pracodawcy\/\" data-brz-link-type=\"external\"><span class=\"brz-span\">Pracodawcy<\/span><\/a><\/li>\n<li class=\"brz-menu__item\"><a class=\"brz-a menu-item menu-item-type-post_type menu-item-object-page\" href=\"\/uk\/{@brizy_SITE_URL_PLACEHOLDER@}\/o-nas\/\" data-brz-link-type=\"external\"><span class=\"brz-span\">O nas<\/span><\/a><\/li>\n<li class=\"brz-menu__item\"><a class=\"brz-a menu-item menu-item-type-post_type menu-item-object-page\" href=\"\/uk\/{@brizy_SITE_URL_PLACEHOLDER@}\/kontakt\/\" data-brz-link-type=\"external\"><span class=\"brz-span\">Kontakt<\/span><\/a><\/li>\n<\/ul>\n<\/nav>\n<div class=\"brz-mm-menu__icon\">\n<\/div>\n<nav id=\"gkhkyclpqedpikboabijyzwuhdxmqqzpybzl\" class=\"brz-menu brz-menu__mmenu brz-menu__preview brz-css-wlotz brz-css-havkd\">\n<ul class=\"brz-menu__ul\">\n<li class=\"brz-mm-menu__item brz-mm-menu__item-empty\"><a class=\"brz-a menu-item menu-item-type-post_type menu-item-object-page menu-item-home\" href=\"\/uk\/{@brizy_SITE_URL_PLACEHOLDER@}\/\" data-brz-link-type=\"external\"><span class=\"brz-span\">Home<\/span><\/a><\/li>\n<li class=\"brz-mm-menu__item brz-mm-menu__item-empty\"><a class=\"brz-a menu-item menu-item-type-post_type menu-item-object-page\" href=\"\/uk\/{@brizy_SITE_URL_PLACEHOLDER@}\/cudzoziemcy\/\" data-brz-link-type=\"external\"><span class=\"brz-span\">Cudzoziemcy<\/span><\/a><\/li>\n<li class=\"brz-mm-menu__item brz-mm-menu__item-empty brz-mm-menu__item--current\"><a class=\"brz-a menu-item menu-item-type-post_type menu-item-object-page current-menu-item page_item page-item-13 current_page_item\" href=\"\/uk\/{@brizy_SITE_URL_PLACEHOLDER@}\/pracodawcy\/\" data-brz-link-type=\"external\"><span class=\"brz-span\">Pracodawcy<\/span><\/a><\/li>\n<li class=\"brz-mm-menu__item brz-mm-menu__item-empty\"><a class=\"brz-a menu-item menu-item-type-post_type menu-item-object-page\" href=\"\/uk\/{@brizy_SITE_URL_PLACEHOLDER@}\/o-nas\/\" data-brz-link-type=\"external\"><span class=\"brz-span\">O nas<\/span><\/a><\/li>\n<li class=\"brz-mm-menu__item brz-mm-menu__item-empty\"><a class=\"brz-a menu-item menu-item-type-post_type menu-item-object-page\" href=\"\/uk\/{@brizy_SITE_URL_PLACEHOLDER@}\/kontakt\/\" data-brz-link-type=\"external\"><span class=\"brz-span\">Kontakt<\/span><\/a><\/li>\n<\/ul>\n<\/nav>\n<\/div>\n<\/div>\n<\/div>\n<\/div>\n<\/div>\n<\/div>\n<\/div>\n<\/div>\n<\/div>\n<\/div>\n<div class=\"brz-row__container brz-css-aedio\" data-custom-id=\"oroiwkauymybbjqossilcdnbfksnapdebpoq\">\n<div class=\"brz-bg brz-flex-xs-wrap brz-row__bg brz-css-yuuph brz-css-eiwgk\">\n<div class=\"brz-bg-media\"><\/div>\n<div class=\"brz-bg-content\">\n<div class=\"brz-row brz-css-plxlc brz-css-iilqu\">\n<div class=\"brz-columns brz-css-ihufx brz-css-hxhnk\" data-custom-id=\"uspbjxuejwacuxivtlmyxmlovbporbgzucvr\">\n<div class=\"brz-bg brz-css-osyfx brz-css-nvtbp\">\n<div class=\"brz-bg-content\">\n<div class=\"brz-css-tjhpc brz-wrapper\">\n<div class=\"brz-d-xs-flex brz-css-mvgnn brz-css-izngn\">\n<div class=\"brz-rich-text brz-css-lsehj\" data-custom-id=\"zsazohfpkdhfogyhobsqnkanbqdjpgkrnkjw\">\n<p class=\"brz-text-sm-left brz-text-lg-center brz-fw-sm-300 brz-lh-xs-1_7 brz-fw-xs-300 brz-text-xs-center brz-lh-sm-1_7 brz-fs-xs-14 brz-fs-sm-13 brz-tp-paragraph\">2020 (C) ProperStay. <\/p>\n<\/div>\n<\/div>\n<\/div>\n<\/div>\n<\/div>\n<\/div>\n<div class=\"brz-columns brz-css-ihufx brz-css-hikvy\" data-custom-id=\"yrrbyyqhikzlobphbybeofpdzmdnskiwvyia\">\n<div class=\"brz-bg brz-css-osyfx brz-css-yzgkv\">\n<div class=\"brz-bg-content\">\n<div class=\"brz-css-tjhpc brz-wrapper\">\n<div class=\"brz-d-xs-flex brz-css-mvgnn\">\n<div class=\"brz-image brz-css-ciuja brz-css-tinkh\"><img class=\"brz-img brz-p-absolute\" src=\"{@brizy_SITE_URL_PLACEHOLDER@}\/?brizy_media=wp-a3fb22e0ce34f11461a00eb0478d47d7.png&amp;brizy_crop=iW%3D166%26iH%3D42%26oX%3D0%26oY%3D4%26cW%3D166%26cH%3D34&amp;brizy_post=13\" alt=\"{{ brizy_dc_image_alt uid='wp-a3fb22e0ce34f11461a00eb0478d47d7.png' }}\" loading=\"lazy\"><\/div>\n<\/div>\n<\/div>\n<\/div>\n<\/div>\n<\/div>\n<div class=\"brz-columns brz-css-ihufx brz-css-ohikv\" data-custom-id=\"smqvbwkdgyagjkpdpoegeuoydsttuhxzfhtu\">\n<div class=\"brz-bg brz-css-osyfx brz-css-endvw\">\n<div class=\"brz-bg-content\">\n<div class=\"brz-wrapper-clone brz-css-kscjx\">\n<div class=\"brz-wrapper-clone__wrap brz-css-jddtu\">\n<div class=\"brz-d-xs-flex brz-flex-xs-wrap brz-css-ttgpv brz-css-qjncv\">\n<div class=\"brz-wrapper-clone__item brz-css-hdkju brz-css-ehjpr\" id=\"bztsuwjbasbkvvjpnzvdzqeturfoyeeqfdkj\">\n<div class=\"brz-icon__container\" data-custom-id=\"bztsuwjbasbkvvjpnzvdzqeturfoyeeqfdkj\"><a class=\"brz-a\" href=\"#\" target=\"_blank\" data-brz-link-type=\"external\" rel=\"noopener noreferrer\"><span class=\"brz-span brz-icon css-1cigyll\"><\/span><\/a><\/div>\n<\/div>\n<\/div>\n<\/div>\n<\/div>\n<\/div>\n<\/div>\n<\/div>\n<\/div>\n<\/div>\n<\/div>\n<\/div>\n<\/div>\n<\/div>\n<\/div>\n<\/div>\n<\/footer>\n<\/div>\n<p><!-- t:1604695070 --><\/p>","protected":false},"excerpt":{"rendered":"<p>Home Cudzoziemcy Pracodawcy O nas Kontakt Home Cudzoziemcy Pracodawcy O nas Kontakt Zatrudnianie obcokrajowc\u00f3w? Z nami to bardzo proste! Wsparcie zatrudnienia, rekrutacja oraz obs\u0142uga zezwole\u0144. Je\u017celi jeste\u015b przedsi\u0119biorc\u0105, to powiniene\u015b wiedzie\u0107, i\u017c\u00a0zatrudnianie cudzoziemc\u00f3w w Polsce cz\u0119sto wymaga uzyskania stosownego pozwolenia, co zwi\u0105zane jest z konieczno\u015bci\u0105 poznania zawi\u0142ych procedur administracyjnych i obowi\u0105zuj\u0105cych przepis\u00f3w prawa dotycz\u0105cych zatrudniania [&hellip;]<\/p>","protected":false},"author":1,"featured_media":0,"parent":0,"menu_order":0,"comment_status":"closed","ping_status":"closed","template":"brizy-blank-template.php","meta":[],"_links":{"self":[{"href":"https:\/\/properstay.pl\/uk\/wp-json\/wp\/v2\/pages\/13"}],"collection":[{"href":"https:\/\/properstay.pl\/uk\/wp-json\/wp\/v2\/pages"}],"about":[{"href":"https:\/\/properstay.pl\/uk\/wp-json\/wp\/v2\/types\/page"}],"author":[{"embeddable":true,"href":"https:\/\/properstay.pl\/uk\/wp-json\/wp\/v2\/users\/1"}],"replies":[{"embeddable":true,"href":"https:\/\/properstay.pl\/uk\/wp-json\/wp\/v2\/comments?post=13"}],"version-history":[{"count":30,"href":"https:\/\/properstay.pl\/uk\/wp-json\/wp\/v2\/pages\/13\/revisions"}],"predecessor-version":[{"id":1258,"href":"https:\/\/properstay.pl\/uk\/wp-json\/wp\/v2\/pages\/13\/revisions\/1258"}],"wp:attachment":[{"href":"https:\/\/properstay.pl\/uk\/wp-json\/wp\/v2\/media?parent=13"}],"curies":[{"name":"wp","href":"https:\/\/api.w.org\/{rel}","templated":true}]}}